{"id":58,"date":"2023-11-18T02:15:22","date_gmt":"2023-11-18T01:15:22","guid":{"rendered":"https:\/\/workflow.farbweite.de\/3ddruckdirekt\/about-us\/"},"modified":"2023-11-20T08:07:47","modified_gmt":"2023-11-20T07:07:47","slug":"ueber-uns","status":"publish","type":"page","link":"https:\/\/workflow.farbweite.de\/3ddruckdirekt\/ueber-uns\/","title":{"rendered":"\u00dcber uns"},"content":{"rendered":"\t\t<div data-elementor-type=\"wp-page\" data-elementor-id=\"58\" class=\"elementor elementor-58\" data-elementor-post-type=\"page\">\n\t\t\t\t<div class=\"elementor-element elementor-element-546ef0c8 e-flex e-con-boxed e-con e-parent\" data-id=\"546ef0c8\" data-element_type=\"container\" data-e-type=\"container\">\n\t\t\t\t\t<div class=\"e-con-inner\">\n\t\t\t\t<div class=\"elementor-element elementor-element-7779ef07 elementor-invisible elementor-widget elementor-widget-heading\" data-id=\"7779ef07\" data-element_type=\"widget\" data-e-type=\"widget\" data-settings=\"{&quot;_animation&quot;:&quot;fadeIn&quot;}\" data-widget_type=\"heading.default\">\n\t\t\t\t<div class=\"elementor-widget-container\">\n\t\t\t\t\t<h1 class=\"elementor-heading-title elementor-size-default\">Wer ist 3ddruckdirekt.de?<\/h1>\t\t\t\t<\/div>\n\t\t\t\t<\/div>\n\t\t\t\t<div class=\"elementor-element elementor-element-1474f471 elementor-widget elementor-widget-heading\" data-id=\"1474f471\" data-element_type=\"widget\" data-e-type=\"widget\" data-widget_type=\"heading.default\">\n\t\t\t\t<div class=\"elementor-widget-container\">\n\t\t\t\t\t<h5 class=\"elementor-heading-title elementor-size-default\">Wir sind mittelstandsgepr\u00e4gte Handelsunternehmen, die sich zusammengeschlossen haben, um industriellen 3D-Druck anzubieten und best\u00e4ndig fortzuentwickeln.<\/h5>\t\t\t\t<\/div>\n\t\t\t\t<\/div>\n\t\t\t\t\t<\/div>\n\t\t\t\t<\/div>\n\t\t<div class=\"elementor-element elementor-element-475a6f2f e-flex e-con-boxed e-con e-parent\" data-id=\"475a6f2f\" data-element_type=\"container\" data-e-type=\"container\" data-settings=\"{&quot;background_background&quot;:&quot;classic&quot;}\">\n\t\t\t\t\t<div class=\"e-con-inner\">\n\t\t\t\t<div class=\"elementor-element elementor-element-88dd232 elementor-widget elementor-widget-image\" data-id=\"88dd232\" data-element_type=\"widget\" data-e-type=\"widget\" data-widget_type=\"image.default\">\n\t\t\t\t<div class=\"elementor-widget-container\">\n\t\t\t\t\t\t\t\t\t\t\t\t\t\t\t<img fetchpriority=\"high\" decoding=\"async\" width=\"1575\" height=\"1050\" src=\"https:\/\/workflow.farbweite.de\/3ddruckdirekt\/wp-content\/uploads\/2023\/11\/Rapid3D-Druckpartnertag-web-neu.jpg\" class=\"attachment-full size-full wp-image-158\" alt=\"Wir sehen Menschen, die sich zum industriellen 3D-Druck vor einer SLM-Anlage unterhalten\" srcset=\"https:\/\/workflow.farbweite.de\/3ddruckdirekt\/wp-content\/uploads\/2023\/11\/Rapid3D-Druckpartnertag-web-neu.jpg 1575w, https:\/\/workflow.farbweite.de\/3ddruckdirekt\/wp-content\/uploads\/2023\/11\/Rapid3D-Druckpartnertag-web-neu-300x200.jpg 300w, https:\/\/workflow.farbweite.de\/3ddruckdirekt\/wp-content\/uploads\/2023\/11\/Rapid3D-Druckpartnertag-web-neu-1024x683.jpg 1024w, https:\/\/workflow.farbweite.de\/3ddruckdirekt\/wp-content\/uploads\/2023\/11\/Rapid3D-Druckpartnertag-web-neu-768x512.jpg 768w, https:\/\/workflow.farbweite.de\/3ddruckdirekt\/wp-content\/uploads\/2023\/11\/Rapid3D-Druckpartnertag-web-neu-1536x1024.jpg 1536w\" sizes=\"(max-width: 1575px) 100vw, 1575px\" \/>\t\t\t\t\t\t\t\t\t\t\t\t\t\t\t<\/div>\n\t\t\t\t<\/div>\n\t\t\t\t\t<\/div>\n\t\t\t\t<\/div>\n\t\t<div class=\"elementor-element elementor-element-4c26d530 e-flex e-con-boxed e-con e-parent\" data-id=\"4c26d530\" data-element_type=\"container\" data-e-type=\"container\">\n\t\t\t\t\t<div class=\"e-con-inner\">\n\t\t\t\t<div class=\"elementor-element elementor-element-4a16bfa7 elementor-widget elementor-widget-heading\" data-id=\"4a16bfa7\" data-element_type=\"widget\" data-e-type=\"widget\" data-widget_type=\"heading.default\">\n\t\t\t\t<div class=\"elementor-widget-container\">\n\t\t\t\t\t<h2 class=\"elementor-heading-title elementor-size-default\">Unternehmen<\/h2>\t\t\t\t<\/div>\n\t\t\t\t<\/div>\n\t\t\t\t<div class=\"elementor-element elementor-element-4dc83f56 elementor-widget elementor-widget-heading\" data-id=\"4dc83f56\" data-element_type=\"widget\" data-e-type=\"widget\" data-widget_type=\"heading.default\">\n\t\t\t\t<div class=\"elementor-widget-container\">\n\t\t\t\t\t<h5 class=\"elementor-heading-title elementor-size-default\">Diese Unternehmen sind Kooperationspartner, die gemeinsam vor Ort und \u00fcber 3ddruckdirekt.de industriellen 3D-Druck erm\u00f6glichen.<\/h5>\t\t\t\t<\/div>\n\t\t\t\t<\/div>\n\t\t<div class=\"elementor-element elementor-element-4398f54c e-con-full e-flex e-con e-child\" data-id=\"4398f54c\" data-element_type=\"container\" data-e-type=\"container\">\n\t\t\t\t<div class=\"elementor-element elementor-element-7c3065cc elementor-widget-tablet__width-initial elementor-widget-mobile__width-inherit elementor-widget__width-initial elementor-position-top elementor-widget elementor-widget-image-box\" data-id=\"7c3065cc\" data-element_type=\"widget\" data-e-type=\"widget\" data-widget_type=\"image-box.default\">\n\t\t\t\t<div class=\"elementor-widget-container\">\n\t\t\t\t\t<div class=\"elementor-image-box-wrapper\"><figure class=\"elementor-image-box-img\"><img decoding=\"async\" width=\"1338\" height=\"365\" src=\"https:\/\/workflow.farbweite.de\/3ddruckdirekt\/wp-content\/uploads\/2023\/11\/Eisenwolff-Logo.webp\" class=\"elementor-animation-grow attachment-full size-full wp-image-160\" alt=\"Eisenwolff-Logo\" srcset=\"https:\/\/workflow.farbweite.de\/3ddruckdirekt\/wp-content\/uploads\/2023\/11\/Eisenwolff-Logo.webp 1338w, https:\/\/workflow.farbweite.de\/3ddruckdirekt\/wp-content\/uploads\/2023\/11\/Eisenwolff-Logo-300x82.webp 300w, https:\/\/workflow.farbweite.de\/3ddruckdirekt\/wp-content\/uploads\/2023\/11\/Eisenwolff-Logo-1024x279.webp 1024w, https:\/\/workflow.farbweite.de\/3ddruckdirekt\/wp-content\/uploads\/2023\/11\/Eisenwolff-Logo-768x210.webp 768w\" sizes=\"(max-width: 1338px) 100vw, 1338px\" \/><\/figure><div class=\"elementor-image-box-content\"><h4 class=\"elementor-image-box-title\">EISEN-WOLFF GmbH<\/h4><p class=\"elementor-image-box-description\">F\u00f6rsterkamp 13a <br>   \n21149 Hamburg<\/p><\/div><\/div>\t\t\t\t<\/div>\n\t\t\t\t<\/div>\n\t\t\t\t<div class=\"elementor-element elementor-element-3e08ecd3 elementor-widget-tablet__width-initial elementor-widget-mobile__width-inherit elementor-widget__width-initial elementor-position-top elementor-widget elementor-widget-image-box\" data-id=\"3e08ecd3\" data-element_type=\"widget\" data-e-type=\"widget\" data-widget_type=\"image-box.default\">\n\t\t\t\t<div class=\"elementor-widget-container\">\n\t\t\t\t\t<div class=\"elementor-image-box-wrapper\"><figure class=\"elementor-image-box-img\"><img decoding=\"async\" width=\"1101\" height=\"388\" src=\"https:\/\/workflow.farbweite.de\/3ddruckdirekt\/wp-content\/uploads\/2023\/11\/van-Beusekom-Logo.webp\" class=\"elementor-animation-grow attachment-full size-full wp-image-159\" alt=\"\" srcset=\"https:\/\/workflow.farbweite.de\/3ddruckdirekt\/wp-content\/uploads\/2023\/11\/van-Beusekom-Logo.webp 1101w, https:\/\/workflow.farbweite.de\/3ddruckdirekt\/wp-content\/uploads\/2023\/11\/van-Beusekom-Logo-300x106.webp 300w, https:\/\/workflow.farbweite.de\/3ddruckdirekt\/wp-content\/uploads\/2023\/11\/van-Beusekom-Logo-1024x361.webp 1024w, https:\/\/workflow.farbweite.de\/3ddruckdirekt\/wp-content\/uploads\/2023\/11\/van-Beusekom-Logo-768x271.webp 768w\" sizes=\"(max-width: 1101px) 100vw, 1101px\" \/><\/figure><div class=\"elementor-image-box-content\"><h4 class=\"elementor-image-box-title\">Johann van Beusekom e.K.<\/h4><p class=\"elementor-image-box-description\">Gertrud-Boss-Str. 1 <br>\n47533 Kleve<\/p><\/div><\/div>\t\t\t\t<\/div>\n\t\t\t\t<\/div>\n\t\t\t\t<div class=\"elementor-element elementor-element-33e5cd61 elementor-widget-tablet__width-initial elementor-widget-mobile__width-inherit elementor-widget__width-initial elementor-position-top elementor-widget elementor-widget-image-box\" data-id=\"33e5cd61\" data-element_type=\"widget\" data-e-type=\"widget\" data-widget_type=\"image-box.default\">\n\t\t\t\t<div class=\"elementor-widget-container\">\n\t\t\t\t\t<div class=\"elementor-image-box-wrapper\"><figure class=\"elementor-image-box-img\"><img loading=\"lazy\" decoding=\"async\" width=\"2046\" height=\"762\" src=\"https:\/\/workflow.farbweite.de\/3ddruckdirekt\/wp-content\/uploads\/2023\/11\/Jutger-freigestellt.png\" class=\"elementor-animation-grow attachment-full size-full wp-image-161\" alt=\"\" srcset=\"https:\/\/workflow.farbweite.de\/3ddruckdirekt\/wp-content\/uploads\/2023\/11\/Jutger-freigestellt.png 2046w, https:\/\/workflow.farbweite.de\/3ddruckdirekt\/wp-content\/uploads\/2023\/11\/Jutger-freigestellt-300x112.png 300w, https:\/\/workflow.farbweite.de\/3ddruckdirekt\/wp-content\/uploads\/2023\/11\/Jutger-freigestellt-1024x381.png 1024w, https:\/\/workflow.farbweite.de\/3ddruckdirekt\/wp-content\/uploads\/2023\/11\/Jutger-freigestellt-768x286.png 768w, https:\/\/workflow.farbweite.de\/3ddruckdirekt\/wp-content\/uploads\/2023\/11\/Jutger-freigestellt-1536x572.png 1536w\" sizes=\"(max-width: 2046px) 100vw, 2046px\" \/><\/figure><div class=\"elementor-image-box-content\"><h4 class=\"elementor-image-box-title\">Jutger GmbH &amp; Co. KG <\/h4><p class=\"elementor-image-box-description\">Industriehof Trecknase 10 <br>\n42897 Remscheid<\/p><\/div><\/div>\t\t\t\t<\/div>\n\t\t\t\t<\/div>\n\t\t\t\t<div class=\"elementor-element elementor-element-592fe78d elementor-widget-tablet__width-initial elementor-widget-mobile__width-inherit elementor-widget__width-initial elementor-position-top elementor-widget elementor-widget-image-box\" data-id=\"592fe78d\" data-element_type=\"widget\" data-e-type=\"widget\" data-widget_type=\"image-box.default\">\n\t\t\t\t<div class=\"elementor-widget-container\">\n\t\t\t\t\t<div class=\"elementor-image-box-wrapper\"><figure class=\"elementor-image-box-img\"><img loading=\"lazy\" decoding=\"async\" width=\"771\" height=\"288\" src=\"https:\/\/workflow.farbweite.de\/3ddruckdirekt\/wp-content\/uploads\/2023\/11\/LOGO.jpg\" class=\"elementor-animation-grow attachment-full size-full wp-image-162\" alt=\"\" srcset=\"https:\/\/workflow.farbweite.de\/3ddruckdirekt\/wp-content\/uploads\/2023\/11\/LOGO.jpg 771w, https:\/\/workflow.farbweite.de\/3ddruckdirekt\/wp-content\/uploads\/2023\/11\/LOGO-300x112.jpg 300w, https:\/\/workflow.farbweite.de\/3ddruckdirekt\/wp-content\/uploads\/2023\/11\/LOGO-768x287.jpg 768w\" sizes=\"(max-width: 771px) 100vw, 771px\" \/><\/figure><div class=\"elementor-image-box-content\"><h4 class=\"elementor-image-box-title\">Ludden GmbH<\/h4><p class=\"elementor-image-box-description\">Beckstr. 22 - 24 <br>\n49809 Lingen<\/p><\/div><\/div>\t\t\t\t<\/div>\n\t\t\t\t<\/div>\n\t\t\t\t<\/div>\n\t\t\t\t\t<\/div>\n\t\t\t\t<\/div>\n\t\t<div class=\"elementor-element elementor-element-5fe84d11 e-flex e-con-boxed e-con e-parent\" data-id=\"5fe84d11\" data-element_type=\"container\" data-e-type=\"container\" data-settings=\"{&quot;background_background&quot;:&quot;classic&quot;}\">\n\t\t\t\t\t<div class=\"e-con-inner\">\n\t\t\t\t<div class=\"elementor-element elementor-element-f33ddcd elementor-widget elementor-widget-image\" data-id=\"f33ddcd\" data-element_type=\"widget\" data-e-type=\"widget\" data-widget_type=\"image.default\">\n\t\t\t\t<div class=\"elementor-widget-container\">\n\t\t\t\t\t\t\t\t\t\t\t\t\t\t\t<img loading=\"lazy\" decoding=\"async\" width=\"768\" height=\"210\" src=\"https:\/\/workflow.farbweite.de\/3ddruckdirekt\/wp-content\/uploads\/2023\/11\/Eisenwolff-Logo-768x210.webp\" class=\"attachment-medium_large size-medium_large wp-image-160\" alt=\"Eisenwolff-Logo\" srcset=\"https:\/\/workflow.farbweite.de\/3ddruckdirekt\/wp-content\/uploads\/2023\/11\/Eisenwolff-Logo-768x210.webp 768w, https:\/\/workflow.farbweite.de\/3ddruckdirekt\/wp-content\/uploads\/2023\/11\/Eisenwolff-Logo-300x82.webp 300w, https:\/\/workflow.farbweite.de\/3ddruckdirekt\/wp-content\/uploads\/2023\/11\/Eisenwolff-Logo-1024x279.webp 1024w, https:\/\/workflow.farbweite.de\/3ddruckdirekt\/wp-content\/uploads\/2023\/11\/Eisenwolff-Logo.webp 1338w\" sizes=\"(max-width: 768px) 100vw, 768px\" \/>\t\t\t\t\t\t\t\t\t\t\t\t\t\t\t<\/div>\n\t\t\t\t<\/div>\n\t\t\t\t<div class=\"elementor-element elementor-element-5fca996 elementor-widget-divider--view-line elementor-widget elementor-widget-divider\" data-id=\"5fca996\" data-element_type=\"widget\" data-e-type=\"widget\" data-widget_type=\"divider.default\">\n\t\t\t\t<div class=\"elementor-widget-container\">\n\t\t\t\t\t\t\t<div class=\"elementor-divider\">\n\t\t\t<span class=\"elementor-divider-separator\">\n\t\t\t\t\t\t<\/span>\n\t\t<\/div>\n\t\t\t\t\t\t<\/div>\n\t\t\t\t<\/div>\n\t\t\t\t<div class=\"elementor-element elementor-element-20bdbe84 elementor-widget elementor-widget-heading\" data-id=\"20bdbe84\" data-element_type=\"widget\" data-e-type=\"widget\" data-widget_type=\"heading.default\">\n\t\t\t\t<div class=\"elementor-widget-container\">\n\t\t\t\t\t<h2 class=\"elementor-heading-title elementor-size-default\">Eisen-Wolff aus Hamburg<\/h2>\t\t\t\t<\/div>\n\t\t\t\t<\/div>\n\t\t\t\t<div class=\"elementor-element elementor-element-3c815561 elementor-widget elementor-widget-text-editor\" data-id=\"3c815561\" data-element_type=\"widget\" data-e-type=\"widget\" data-widget_type=\"text-editor.default\">\n\t\t\t\t<div class=\"elementor-widget-container\">\n\t\t\t\t\t\t\t\t\t<p style=\"text-align: left;\">Die Firma Eisen-Wolff GmbH wurde im Jahr 1949 als klassisches Eisenwaren und Hausratgesch\u00e4ft gegr\u00fcndet. Heute sind wir ein Gro\u00dfhandelsunternehmen und verstehen uns als moderner Rundumversorger f\u00fcr unsere Kunden aus Industrie und Handwerk. Heute ist das Unternehmen Spezialist <span style=\"color: var( --e-global-color-text ); font-family: var( --e-global-typography-text-font-family ), Sans-serif; font-size: var( --e-global-typography-text-font-size ); font-style: var( --e-global-typography-text-font-style ); font-weight: var( --e-global-typography-text-font-weight ); letter-spacing: var( --e-global-typography-text-letter-spacing ); text-transform: var( --e-global-typography-text-text-transform ); background-color: var( --e-global-color-secondary );\">f\u00fcr Handwerker-, Industrie- und Werkstattbedarf. Als Full-Service-Dienstleister legt die Firma bei der Beratung und bei den Produkten gr\u00f6\u00dften Wert auf Qualit\u00e4t und Pr\u00e4zision. Das Ziel? Mit den angebotenen Dienstleistungen und Produkten den Kunden vor Ort einen Wettbewerbsvorteil zu verschaffen. Eisen-Wolff verf\u00fcgt \u00fcber fachlich kompetente Mitarbeiter, die in allen Produktbereichen st\u00e4ndig geschult werden und jederzeit Probleml\u00f6sungen anbieten k\u00f6nnen.<\/span><\/p>\t\t\t\t\t\t\t\t<\/div>\n\t\t\t\t<\/div>\n\t\t\t\t\t<\/div>\n\t\t\t\t<\/div>\n\t\t<div class=\"elementor-element elementor-element-34db056 e-flex e-con-boxed e-con e-parent\" data-id=\"34db056\" data-element_type=\"container\" data-e-type=\"container\" data-settings=\"{&quot;background_background&quot;:&quot;classic&quot;}\">\n\t\t\t\t\t<div class=\"e-con-inner\">\n\t\t\t\t<div class=\"elementor-element elementor-element-969d4a9 elementor-widget elementor-widget-image\" data-id=\"969d4a9\" data-element_type=\"widget\" data-e-type=\"widget\" data-widget_type=\"image.default\">\n\t\t\t\t<div class=\"elementor-widget-container\">\n\t\t\t\t\t\t\t\t\t\t\t\t\t\t\t<img loading=\"lazy\" decoding=\"async\" width=\"768\" height=\"271\" src=\"https:\/\/workflow.farbweite.de\/3ddruckdirekt\/wp-content\/uploads\/2023\/11\/van-Beusekom-Logo-768x271.webp\" class=\"attachment-medium_large size-medium_large wp-image-159\" alt=\"\" srcset=\"https:\/\/workflow.farbweite.de\/3ddruckdirekt\/wp-content\/uploads\/2023\/11\/van-Beusekom-Logo-768x271.webp 768w, https:\/\/workflow.farbweite.de\/3ddruckdirekt\/wp-content\/uploads\/2023\/11\/van-Beusekom-Logo-300x106.webp 300w, https:\/\/workflow.farbweite.de\/3ddruckdirekt\/wp-content\/uploads\/2023\/11\/van-Beusekom-Logo-1024x361.webp 1024w, https:\/\/workflow.farbweite.de\/3ddruckdirekt\/wp-content\/uploads\/2023\/11\/van-Beusekom-Logo.webp 1101w\" sizes=\"(max-width: 768px) 100vw, 768px\" \/>\t\t\t\t\t\t\t\t\t\t\t\t\t\t\t<\/div>\n\t\t\t\t<\/div>\n\t\t\t\t<div class=\"elementor-element elementor-element-217ca50 elementor-widget-divider--view-line elementor-widget elementor-widget-divider\" data-id=\"217ca50\" data-element_type=\"widget\" data-e-type=\"widget\" data-widget_type=\"divider.default\">\n\t\t\t\t<div class=\"elementor-widget-container\">\n\t\t\t\t\t\t\t<div class=\"elementor-divider\">\n\t\t\t<span class=\"elementor-divider-separator\">\n\t\t\t\t\t\t<\/span>\n\t\t<\/div>\n\t\t\t\t\t\t<\/div>\n\t\t\t\t<\/div>\n\t\t\t\t<div class=\"elementor-element elementor-element-1ef9bf5 elementor-widget elementor-widget-heading\" data-id=\"1ef9bf5\" data-element_type=\"widget\" data-e-type=\"widget\" data-widget_type=\"heading.default\">\n\t\t\t\t<div class=\"elementor-widget-container\">\n\t\t\t\t\t<h2 class=\"elementor-heading-title elementor-size-default\">Van Beusekom aus Kleve<\/h2>\t\t\t\t<\/div>\n\t\t\t\t<\/div>\n\t\t\t\t<div class=\"elementor-element elementor-element-49e626e elementor-widget elementor-widget-text-editor\" data-id=\"49e626e\" data-element_type=\"widget\" data-e-type=\"widget\" data-widget_type=\"text-editor.default\">\n\t\t\t\t<div class=\"elementor-widget-container\">\n\t\t\t\t\t\t\t\t\t<p style=\"text-align: left;\">Die Firma Eisen-Wolff GmbH wurde im Jahr 1949 als klassisches Eisenwaren und Hausratgesch\u00e4ft gegr\u00fcndet. Heute sind wir ein Gro\u00dfhandelsunternehmen und verstehen uns als moderner Rundumversorger f\u00fcr unsere Kunden aus Industrie und Handwerk. Heute ist das Unternehmen Spezialist <span style=\"color: var( --e-global-color-text ); font-family: var( --e-global-typography-text-font-family ), Sans-serif; font-size: var( --e-global-typography-text-font-size ); font-style: var( --e-global-typography-text-font-style ); font-weight: var( --e-global-typography-text-font-weight ); letter-spacing: var( --e-global-typography-text-letter-spacing ); text-transform: var( --e-global-typography-text-text-transform ); background-color: var( --e-global-color-secondary );\">f\u00fcr Handwerker-, Industrie- und Werkstattbedarf. Als Full-Service-Dienstleister legt die Firma bei der Beratung und bei den Produkten gr\u00f6\u00dften Wert auf Qualit\u00e4t und Pr\u00e4zision. Das Ziel? Mit den angebotenen Dienstleistungen und Produkten den Kunden vor Ort einen Wettbewerbsvorteil zu verschaffen. Eisen-Wolff verf\u00fcgt \u00fcber fachlich kompetente Mitarbeiter, die in allen Produktbereichen st\u00e4ndig geschult werden und jederzeit Probleml\u00f6sungen anbieten k\u00f6nnen.<\/span><\/p>\t\t\t\t\t\t\t\t<\/div>\n\t\t\t\t<\/div>\n\t\t\t\t\t<\/div>\n\t\t\t\t<\/div>\n\t\t<div class=\"elementor-element elementor-element-25d5b9f e-flex e-con-boxed e-con e-parent\" data-id=\"25d5b9f\" data-element_type=\"container\" data-e-type=\"container\" data-settings=\"{&quot;background_background&quot;:&quot;classic&quot;}\">\n\t\t\t\t\t<div class=\"e-con-inner\">\n\t\t\t\t<div class=\"elementor-element elementor-element-ebe7b82 elementor-widget elementor-widget-image\" data-id=\"ebe7b82\" data-element_type=\"widget\" data-e-type=\"widget\" data-widget_type=\"image.default\">\n\t\t\t\t<div class=\"elementor-widget-container\">\n\t\t\t\t\t\t\t\t\t\t\t\t\t\t\t<img loading=\"lazy\" decoding=\"async\" width=\"768\" height=\"286\" src=\"https:\/\/workflow.farbweite.de\/3ddruckdirekt\/wp-content\/uploads\/2023\/11\/Jutger-freigestellt-768x286.png\" class=\"attachment-medium_large size-medium_large wp-image-161\" alt=\"\" srcset=\"https:\/\/workflow.farbweite.de\/3ddruckdirekt\/wp-content\/uploads\/2023\/11\/Jutger-freigestellt-768x286.png 768w, https:\/\/workflow.farbweite.de\/3ddruckdirekt\/wp-content\/uploads\/2023\/11\/Jutger-freigestellt-300x112.png 300w, https:\/\/workflow.farbweite.de\/3ddruckdirekt\/wp-content\/uploads\/2023\/11\/Jutger-freigestellt-1024x381.png 1024w, https:\/\/workflow.farbweite.de\/3ddruckdirekt\/wp-content\/uploads\/2023\/11\/Jutger-freigestellt-1536x572.png 1536w, https:\/\/workflow.farbweite.de\/3ddruckdirekt\/wp-content\/uploads\/2023\/11\/Jutger-freigestellt.png 2046w\" sizes=\"(max-width: 768px) 100vw, 768px\" \/>\t\t\t\t\t\t\t\t\t\t\t\t\t\t\t<\/div>\n\t\t\t\t<\/div>\n\t\t\t\t<div class=\"elementor-element elementor-element-2708b04 elementor-widget-divider--view-line elementor-widget elementor-widget-divider\" data-id=\"2708b04\" data-element_type=\"widget\" data-e-type=\"widget\" data-widget_type=\"divider.default\">\n\t\t\t\t<div class=\"elementor-widget-container\">\n\t\t\t\t\t\t\t<div class=\"elementor-divider\">\n\t\t\t<span class=\"elementor-divider-separator\">\n\t\t\t\t\t\t<\/span>\n\t\t<\/div>\n\t\t\t\t\t\t<\/div>\n\t\t\t\t<\/div>\n\t\t\t\t<div class=\"elementor-element elementor-element-679d6ba elementor-widget elementor-widget-heading\" data-id=\"679d6ba\" data-element_type=\"widget\" data-e-type=\"widget\" data-widget_type=\"heading.default\">\n\t\t\t\t<div class=\"elementor-widget-container\">\n\t\t\t\t\t<h2 class=\"elementor-heading-title elementor-size-default\">Jutger aus Remscheid<\/h2>\t\t\t\t<\/div>\n\t\t\t\t<\/div>\n\t\t\t\t<div class=\"elementor-element elementor-element-2e47a4d elementor-widget elementor-widget-text-editor\" data-id=\"2e47a4d\" data-element_type=\"widget\" data-e-type=\"widget\" data-widget_type=\"text-editor.default\">\n\t\t\t\t<div class=\"elementor-widget-container\">\n\t\t\t\t\t\t\t\t\t<p style=\"text-align: left;\">Seit mehr als 100 Jahren steht Jutger schon im Dienst der Industrie und des metallverarbeitenden Gewerbes. Die Schwerpunkte liegen dabei heute in den Bereichen Antriebstechnik, Pra\u0308zisionswerkzeuge, Spanntechnik und Industrietechnik. Ein hoher Grad an Service, Flexibilit\u00e4t und effiziente Lieferbereitschaft unterscheide Jutger von anderen Anbietern. Gemeinsam mit dem Kunden erarbeitet Jutger neue Ideen und individuelle L\u00f6sungen. Dabei helfen langj\u00e4hriges Know-how und viele realisierte, individuelle L\u00f6sungen. Oft sind es nur Details, die Stillstandzeiten der Maschinen reduzieren und komplexe Fertigungsabl\u00e4ufe optimieren. Die Kunden von Jutger sch\u00e4tzen die ehrliche, kompetente Beratung und Zuverl\u00e4ssigkeit sowie die pers\u00f6nliche Atmosph\u00e4re.<\/p>\t\t\t\t\t\t\t\t<\/div>\n\t\t\t\t<\/div>\n\t\t\t\t\t<\/div>\n\t\t\t\t<\/div>\n\t\t<div class=\"elementor-element elementor-element-43e0094 e-flex e-con-boxed e-con e-parent\" data-id=\"43e0094\" data-element_type=\"container\" data-e-type=\"container\" data-settings=\"{&quot;background_background&quot;:&quot;classic&quot;}\">\n\t\t\t\t\t<div class=\"e-con-inner\">\n\t\t\t\t<div class=\"elementor-element elementor-element-d794b56 elementor-widget elementor-widget-image\" data-id=\"d794b56\" data-element_type=\"widget\" data-e-type=\"widget\" data-widget_type=\"image.default\">\n\t\t\t\t<div class=\"elementor-widget-container\">\n\t\t\t\t\t\t\t\t\t\t\t\t\t\t\t<img loading=\"lazy\" decoding=\"async\" width=\"768\" height=\"287\" src=\"https:\/\/workflow.farbweite.de\/3ddruckdirekt\/wp-content\/uploads\/2023\/11\/LOGO-768x287.jpg\" class=\"attachment-medium_large size-medium_large wp-image-162\" alt=\"\" srcset=\"https:\/\/workflow.farbweite.de\/3ddruckdirekt\/wp-content\/uploads\/2023\/11\/LOGO-768x287.jpg 768w, https:\/\/workflow.farbweite.de\/3ddruckdirekt\/wp-content\/uploads\/2023\/11\/LOGO-300x112.jpg 300w, https:\/\/workflow.farbweite.de\/3ddruckdirekt\/wp-content\/uploads\/2023\/11\/LOGO.jpg 771w\" sizes=\"(max-width: 768px) 100vw, 768px\" \/>\t\t\t\t\t\t\t\t\t\t\t\t\t\t\t<\/div>\n\t\t\t\t<\/div>\n\t\t\t\t<div class=\"elementor-element elementor-element-b34a644 elementor-widget-divider--view-line elementor-widget elementor-widget-divider\" data-id=\"b34a644\" data-element_type=\"widget\" data-e-type=\"widget\" data-widget_type=\"divider.default\">\n\t\t\t\t<div class=\"elementor-widget-container\">\n\t\t\t\t\t\t\t<div class=\"elementor-divider\">\n\t\t\t<span class=\"elementor-divider-separator\">\n\t\t\t\t\t\t<\/span>\n\t\t<\/div>\n\t\t\t\t\t\t<\/div>\n\t\t\t\t<\/div>\n\t\t\t\t<div class=\"elementor-element elementor-element-805ef9c elementor-widget elementor-widget-heading\" data-id=\"805ef9c\" data-element_type=\"widget\" data-e-type=\"widget\" data-widget_type=\"heading.default\">\n\t\t\t\t<div class=\"elementor-widget-container\">\n\t\t\t\t\t<h2 class=\"elementor-heading-title elementor-size-default\">Ludden aus Lingen<\/h2>\t\t\t\t<\/div>\n\t\t\t\t<\/div>\n\t\t\t\t<div class=\"elementor-element elementor-element-7e9cd89 elementor-widget elementor-widget-text-editor\" data-id=\"7e9cd89\" data-element_type=\"widget\" data-e-type=\"widget\" data-widget_type=\"text-editor.default\">\n\t\t\t\t<div class=\"elementor-widget-container\">\n\t\t\t\t\t\t\t\t\t<p style=\"text-align: left;\">Bei Ludden ist das Handwerk zuhause. Beratung von echten Fachleuten, Top-Marken und ein au\u00dfergew\u00f6hnlicher Service \u2013 Ludden ist der Vollausstatter f\u00fcr das Handwerk und die Industrie im Emsland und dar\u00fcber hinaus. Seit fast 40 Jahren steht f\u00fcr die Ludden-Gruppe Qualit\u00e4t und Service an oberster Stelle. Von Arbeitsschutz \u00fcber Sicherheitssysteme bis hin zur kompletten Betriebseinrichtung &#8211; mit Ludden klappt&#8217;s immer. Und \u00fcbrigens: so wie Ludden die Profis mit ausgezeichnetem Werkzeug und L\u00f6sungen ausstatten, so kann sich auch der Heimwerker bei Ludden hochwertig ausr\u00fcsten.<\/p>\t\t\t\t\t\t\t\t<\/div>\n\t\t\t\t<\/div>\n\t\t\t\t\t<\/div>\n\t\t\t\t<\/div>\n\t\t\t\t<\/div>\n\t\t","protected":false},"excerpt":{"rendered":"<p>Wer ist 3ddruckdirekt.de? Wir sind mittelstandsgepr\u00e4gte Handelsunternehmen, die sich zusammengeschlossen haben, um industriellen 3D-Druck anzubieten und best\u00e4ndig fortzuentwickeln. Unternehmen Diese Unternehmen sind Kooperationspartner, die gemeinsam vor Ort und \u00fcber 3ddruckdirekt.de industriellen 3D-Druck erm\u00f6glichen. EISEN-WOLFF GmbH F\u00f6rsterkamp 13a 21149 Hamburg Johann van Beusekom e.K. Gertrud-Boss-Str. 1 47533 Kleve Jutger GmbH &#038; Co. KG Industriehof Trecknase 10 [&hellip;]<\/p>\n","protected":false},"author":1,"featured_media":67,"parent":0,"menu_order":0,"comment_status":"closed","ping_status":"closed","template":"elementor_header_footer","meta":{"footnotes":""},"class_list":["post-58","page","type-page","status-publish","has-post-thumbnail","hentry"],"_links":{"self":[{"href":"https:\/\/workflow.farbweite.de\/3ddruckdirekt\/wp-json\/wp\/v2\/pages\/58","targetHints":{"allow":["GET"]}}],"collection":[{"href":"https:\/\/workflow.farbweite.de\/3ddruckdirekt\/wp-json\/wp\/v2\/pages"}],"about":[{"href":"https:\/\/workflow.farbweite.de\/3ddruckdirekt\/wp-json\/wp\/v2\/types\/page"}],"author":[{"embeddable":true,"href":"https:\/\/workflow.farbweite.de\/3ddruckdirekt\/wp-json\/wp\/v2\/users\/1"}],"replies":[{"embeddable":true,"href":"https:\/\/workflow.farbweite.de\/3ddruckdirekt\/wp-json\/wp\/v2\/comments?post=58"}],"version-history":[{"count":10,"href":"https:\/\/workflow.farbweite.de\/3ddruckdirekt\/wp-json\/wp\/v2\/pages\/58\/revisions"}],"predecessor-version":[{"id":234,"href":"https:\/\/workflow.farbweite.de\/3ddruckdirekt\/wp-json\/wp\/v2\/pages\/58\/revisions\/234"}],"wp:featuredmedia":[{"embeddable":true,"href":"https:\/\/workflow.farbweite.de\/3ddruckdirekt\/wp-json\/wp\/v2\/media\/67"}],"wp:attachment":[{"href":"https:\/\/workflow.farbweite.de\/3ddruckdirekt\/wp-json\/wp\/v2\/media?parent=58"}],"curies":[{"name":"wp","href":"https:\/\/api.w.org\/{rel}","templated":true}]}}