{"id":68,"date":"2023-11-18T02:15:23","date_gmt":"2023-11-18T01:15:23","guid":{"rendered":"https:\/\/workflow.farbweite.de\/3ddruckdirekt\/services\/"},"modified":"2023-11-20T12:30:46","modified_gmt":"2023-11-20T11:30:46","slug":"services","status":"publish","type":"page","link":"https:\/\/workflow.farbweite.de\/3ddruckdirekt\/services\/","title":{"rendered":"Services"},"content":{"rendered":"\t\t<div data-elementor-type=\"wp-page\" data-elementor-id=\"68\" class=\"elementor elementor-68\" data-elementor-post-type=\"page\">\n\t\t\t\t<div class=\"elementor-element elementor-element-3bb41793 e-flex e-con-boxed e-con e-parent\" data-id=\"3bb41793\" data-element_type=\"container\" data-e-type=\"container\">\n\t\t\t\t\t<div class=\"e-con-inner\">\n\t\t\t\t<div class=\"elementor-element elementor-element-4674f152 elementor-invisible elementor-widget elementor-widget-heading\" data-id=\"4674f152\" data-element_type=\"widget\" data-e-type=\"widget\" data-settings=\"{&quot;_animation&quot;:&quot;fadeIn&quot;}\" data-widget_type=\"heading.default\">\n\t\t\t\t<div class=\"elementor-widget-container\">\n\t\t\t\t\t<h1 class=\"elementor-heading-title elementor-size-default\">Services und Vorteile unserer <br> 3D-Druckplattform<\/h1>\t\t\t\t<\/div>\n\t\t\t\t<\/div>\n\t\t\t\t<div class=\"elementor-element elementor-element-de383f0 elementor-widget__width-initial elementor-widget elementor-widget-heading\" data-id=\"de383f0\" data-element_type=\"widget\" data-e-type=\"widget\" data-widget_type=\"heading.default\">\n\t\t\t\t<div class=\"elementor-widget-container\">\n\t\t\t\t\t<h5 class=\"elementor-heading-title elementor-size-default\">Wir stellen Ihnen hier gerne etwas ausf\u00fchrlicher unsere 3D-Druckplattform f\u00fcr den industriellen 3D-Druck vor.<\/h5>\t\t\t\t<\/div>\n\t\t\t\t<\/div>\n\t\t\t\t\t<\/div>\n\t\t\t\t<\/div>\n\t\t<div class=\"elementor-element elementor-element-2d137094 e-flex e-con-boxed e-con e-parent\" data-id=\"2d137094\" data-element_type=\"container\" data-e-type=\"container\" data-settings=\"{&quot;background_background&quot;:&quot;classic&quot;}\">\n\t\t\t\t\t<div class=\"e-con-inner\">\n\t\t<div class=\"elementor-element elementor-element-3e3cdba3 e-con-full e-flex e-con e-child\" data-id=\"3e3cdba3\" data-element_type=\"container\" data-e-type=\"container\">\n\t\t\t\t<div class=\"elementor-element elementor-element-3e3531af elementor-widget elementor-widget-heading\" data-id=\"3e3531af\" data-element_type=\"widget\" data-e-type=\"widget\" data-widget_type=\"heading.default\">\n\t\t\t\t<div class=\"elementor-widget-container\">\n\t\t\t\t\t<h2 class=\"elementor-heading-title elementor-size-default\">Beratung, <br> Konstruktion, <br> Scanning<\/h2>\t\t\t\t<\/div>\n\t\t\t\t<\/div>\n\t\t\t\t<div class=\"elementor-element elementor-element-5e60caed elementor-widget elementor-widget-text-editor\" data-id=\"5e60caed\" data-element_type=\"widget\" data-e-type=\"widget\" data-widget_type=\"text-editor.default\">\n\t\t\t\t<div class=\"elementor-widget-container\">\n\t\t\t\t\t\t\t\t\t<p>Sie ben\u00f6tigen Hilfe und Unterst\u00fctzung bei Ihrem 3D-Druckprojekt? Sie m\u00f6chten gr\u00f6\u00dferes Volumen an 3D-Druckbauteilen wiederkehrend mit einem Festpreisangebot bis zu 12 Monate abwickeln? Sie ben\u00f6tigen Unterst\u00fctzung bei der (Nach-)Konstruktion oder dem Scan eines Bauteils? Kommen Sie auf uns zu. Wir helfen Ihnen gerne weiter.<\/p>\t\t\t\t\t\t\t\t<\/div>\n\t\t\t\t<\/div>\n\t\t\t\t<\/div>\n\t\t<div class=\"elementor-element elementor-element-120e57f3 e-con-full e-flex e-con e-child\" data-id=\"120e57f3\" data-element_type=\"container\" data-e-type=\"container\">\n\t\t\t\t<div class=\"elementor-element elementor-element-20e02c42 elementor-widget elementor-widget-image\" data-id=\"20e02c42\" data-element_type=\"widget\" data-e-type=\"widget\" data-widget_type=\"image.default\">\n\t\t\t\t<div class=\"elementor-widget-container\">\n\t\t\t\t\t\t\t\t\t\t\t\t\t\t\t<img fetchpriority=\"high\" decoding=\"async\" width=\"800\" height=\"450\" src=\"https:\/\/workflow.farbweite.de\/3ddruckdirekt\/wp-content\/uploads\/2023\/11\/fzh-AdobeStock_51410755-1024x576.webp\" class=\"attachment-large size-large wp-image-170\" alt=\"\" srcset=\"https:\/\/workflow.farbweite.de\/3ddruckdirekt\/wp-content\/uploads\/2023\/11\/fzh-AdobeStock_51410755-1024x576.webp 1024w, https:\/\/workflow.farbweite.de\/3ddruckdirekt\/wp-content\/uploads\/2023\/11\/fzh-AdobeStock_51410755-300x169.webp 300w, https:\/\/workflow.farbweite.de\/3ddruckdirekt\/wp-content\/uploads\/2023\/11\/fzh-AdobeStock_51410755-768x432.webp 768w, https:\/\/workflow.farbweite.de\/3ddruckdirekt\/wp-content\/uploads\/2023\/11\/fzh-AdobeStock_51410755-1536x864.webp 1536w, https:\/\/workflow.farbweite.de\/3ddruckdirekt\/wp-content\/uploads\/2023\/11\/fzh-AdobeStock_51410755.webp 1920w\" sizes=\"(max-width: 800px) 100vw, 800px\" \/>\t\t\t\t\t\t\t\t\t\t\t\t\t\t\t<\/div>\n\t\t\t\t<\/div>\n\t\t\t\t<\/div>\n\t\t\t\t\t<\/div>\n\t\t\t\t<\/div>\n\t\t<div class=\"elementor-element elementor-element-443577a8 e-flex e-con-boxed e-con e-parent\" data-id=\"443577a8\" data-element_type=\"container\" data-e-type=\"container\" data-settings=\"{&quot;background_background&quot;:&quot;classic&quot;}\">\n\t\t\t\t\t<div class=\"e-con-inner\">\n\t\t<div class=\"elementor-element elementor-element-55bda7d9 e-con-full e-flex e-con e-child\" data-id=\"55bda7d9\" data-element_type=\"container\" data-e-type=\"container\">\n\t\t\t\t<div class=\"elementor-element elementor-element-2b142c67 elementor-widget elementor-widget-image\" data-id=\"2b142c67\" data-element_type=\"widget\" data-e-type=\"widget\" data-widget_type=\"image.default\">\n\t\t\t\t<div class=\"elementor-widget-container\">\n\t\t\t\t\t\t\t\t\t\t\t\t\t\t\t<img decoding=\"async\" width=\"800\" height=\"523\" src=\"https:\/\/workflow.farbweite.de\/3ddruckdirekt\/wp-content\/uploads\/2023\/11\/3ddruckdirekt-Bild-1.jpg\" class=\"attachment-large size-large wp-image-193\" alt=\"\" srcset=\"https:\/\/workflow.farbweite.de\/3ddruckdirekt\/wp-content\/uploads\/2023\/11\/3ddruckdirekt-Bild-1.jpg 900w, https:\/\/workflow.farbweite.de\/3ddruckdirekt\/wp-content\/uploads\/2023\/11\/3ddruckdirekt-Bild-1-300x196.jpg 300w, https:\/\/workflow.farbweite.de\/3ddruckdirekt\/wp-content\/uploads\/2023\/11\/3ddruckdirekt-Bild-1-768x502.jpg 768w\" sizes=\"(max-width: 800px) 100vw, 800px\" \/>\t\t\t\t\t\t\t\t\t\t\t\t\t\t\t<\/div>\n\t\t\t\t<\/div>\n\t\t\t\t<\/div>\n\t\t<div class=\"elementor-element elementor-element-36e70d0b e-con-full e-flex e-con e-child\" data-id=\"36e70d0b\" data-element_type=\"container\" data-e-type=\"container\">\n\t\t\t\t<div class=\"elementor-element elementor-element-2aee5387 elementor-widget elementor-widget-heading\" data-id=\"2aee5387\" data-element_type=\"widget\" data-e-type=\"widget\" data-widget_type=\"heading.default\">\n\t\t\t\t<div class=\"elementor-widget-container\">\n\t\t\t\t\t<h4 class=\"elementor-heading-title elementor-size-default\">Effizienz und Wirtschaft- <br> lichkeit im Fokus<\/h4>\t\t\t\t<\/div>\n\t\t\t\t<\/div>\n\t\t\t\t<div class=\"elementor-element elementor-element-37503f83 elementor-widget elementor-widget-text-editor\" data-id=\"37503f83\" data-element_type=\"widget\" data-e-type=\"widget\" data-widget_type=\"text-editor.default\">\n\t\t\t\t<div class=\"elementor-widget-container\">\n\t\t\t\t\t\t\t\t\t<p>| 3D-Druckdaten einfach und sicher mit dem Online-Rechner kalkulieren und bestellen<br \/>| Mit dem Material-Assistent per Filterverfahren schnell das richtige Material finden<br \/>| Individuelle Anfragen erzeugen, Angebote erhalten und \u00fcber die Plattform abwickeln<br \/>| Druckbarkeitsanalyse in Echtzeit, Mehrfachdatenupload m\u00f6glich inkl. Splitting-Order<br \/>| Best\u00e4ndig wachsende Auswahl an Verfahren und Materialien<br \/>| Preise und Lieferzeiten in Echtzeit abrufen<br \/>| Bauraum-optimierte Preis-Mengen-Funktion<br \/>| 256 Bit SSL-Verschl\u00fcsselung<br \/>| DSGVO-konforme Plattform<br \/>| Cloud made in Germany<br \/>| Digitale 3D-Druckcommunity: Nachrichtenfunktion zur Kl\u00e4rung von offenen Fragen nutzen<br \/>| Premium-Netzwerk von 3D-Druckpartnern inklusive professionellem Lieferantenmanagement<br \/>| F\u00fcr Stammkunden: Kauf auf Rechnung<\/p>\t\t\t\t\t\t\t\t<\/div>\n\t\t\t\t<\/div>\n\t\t\t\t<\/div>\n\t\t\t\t\t<\/div>\n\t\t\t\t<\/div>\n\t\t<div class=\"elementor-element elementor-element-7c7b8b09 e-flex e-con-boxed e-con e-parent\" data-id=\"7c7b8b09\" data-element_type=\"container\" data-e-type=\"container\" data-settings=\"{&quot;background_background&quot;:&quot;classic&quot;}\">\n\t\t\t\t\t<div class=\"e-con-inner\">\n\t\t<div class=\"elementor-element elementor-element-634498cc e-con-full e-flex e-con e-child\" data-id=\"634498cc\" data-element_type=\"container\" data-e-type=\"container\">\n\t\t\t\t<div class=\"elementor-element elementor-element-49393d23 elementor-widget elementor-widget-heading\" data-id=\"49393d23\" data-element_type=\"widget\" data-e-type=\"widget\" data-widget_type=\"heading.default\">\n\t\t\t\t<div class=\"elementor-widget-container\">\n\t\t\t\t\t<h2 class=\"elementor-heading-title elementor-size-default\">Bauraum-optimierte Preis-Mengen-Funktion<\/h2>\t\t\t\t<\/div>\n\t\t\t\t<\/div>\n\t\t\t\t<div class=\"elementor-element elementor-element-3e8e7371 elementor-widget elementor-widget-text-editor\" data-id=\"3e8e7371\" data-element_type=\"widget\" data-e-type=\"widget\" data-widget_type=\"text-editor.default\">\n\t\t\t\t<div class=\"elementor-widget-container\">\n\t\t\t\t\t\t\t\t\t<p>Ihre Wunschmenge ist frei w\u00e4hlbar und der St\u00fcckpreis passt sich daran an.\u00a0<\/p><p>\u00dcber das integrierte Berechnungstool zur Preis-Mengen-Funktion auf unserer 3D-Druckplattform wird der ideale St\u00fcckpreis f\u00fcr Sie ermittelt. Ab Eintragung Ihrer individuellen Wunschst\u00fcckzahl berechnet die Plattform, auf Basis der vorher ausgew\u00e4hlten Parameter, den im Netzwerk besten verf\u00fcgbaren Preis. Aufgrund der hinterlegten Bauraumdimensionen auf Seiten unserer Druckpartner kann nun in Relation zur <br \/>Bauteilgr\u00f6\u00dfe eine bessere und genauere Berechnung der Maschinenkapazit\u00e4ten sowie der Materialmengen vorgenommen werden. Dies wird \u00fcber die Funktion zur Bestimmung der angefragten Menge, in Relation zu den Preiskomponenten, passgenau abgebildet.<\/p><p>Ihr Vorteil: Bei vorliegenden 3D-Druckdaten m\u00fcssen Sie keine manuellen Anfragen f\u00fcr individuelle Mengenangaben vornehmen. Die Plattform errechnet auf Basis Ihrer Wunschst\u00fcckzahl den besten verf\u00fcgbaren Preis.<\/p>\t\t\t\t\t\t\t\t<\/div>\n\t\t\t\t<\/div>\n\t\t\t\t<\/div>\n\t\t<div class=\"elementor-element elementor-element-1dfbcf8e e-con-full e-flex e-con e-child\" data-id=\"1dfbcf8e\" data-element_type=\"container\" data-e-type=\"container\">\n\t\t\t\t<div class=\"elementor-element elementor-element-5df17e8 elementor-widget elementor-widget-image\" data-id=\"5df17e8\" data-element_type=\"widget\" data-e-type=\"widget\" data-widget_type=\"image.default\">\n\t\t\t\t<div class=\"elementor-widget-container\">\n\t\t\t\t\t\t\t\t\t\t\t\t\t\t\t<img decoding=\"async\" width=\"901\" height=\"574\" src=\"https:\/\/workflow.farbweite.de\/3ddruckdirekt\/wp-content\/uploads\/2023\/11\/3ddruckdirekt-Bild-2.jpg\" class=\"attachment-full size-full wp-image-194\" alt=\"\" srcset=\"https:\/\/workflow.farbweite.de\/3ddruckdirekt\/wp-content\/uploads\/2023\/11\/3ddruckdirekt-Bild-2.jpg 901w, https:\/\/workflow.farbweite.de\/3ddruckdirekt\/wp-content\/uploads\/2023\/11\/3ddruckdirekt-Bild-2-300x191.jpg 300w, https:\/\/workflow.farbweite.de\/3ddruckdirekt\/wp-content\/uploads\/2023\/11\/3ddruckdirekt-Bild-2-768x489.jpg 768w\" sizes=\"(max-width: 901px) 100vw, 901px\" \/>\t\t\t\t\t\t\t\t\t\t\t\t\t\t\t<\/div>\n\t\t\t\t<\/div>\n\t\t\t\t<\/div>\n\t\t\t\t\t<\/div>\n\t\t\t\t<\/div>\n\t\t\t\t<\/div>\n\t\t","protected":false},"excerpt":{"rendered":"<p>Services und Vorteile unserer 3D-Druckplattform Wir stellen Ihnen hier gerne etwas ausf\u00fchrlicher unsere 3D-Druckplattform f\u00fcr den industriellen 3D-Druck vor. Beratung, Konstruktion, Scanning Sie ben\u00f6tigen Hilfe und Unterst\u00fctzung bei Ihrem 3D-Druckprojekt? Sie m\u00f6chten gr\u00f6\u00dferes Volumen an 3D-Druckbauteilen wiederkehrend mit einem Festpreisangebot bis zu 12 Monate abwickeln? Sie ben\u00f6tigen Unterst\u00fctzung bei der (Nach-)Konstruktion oder dem Scan eines [&hellip;]<\/p>\n","protected":false},"author":1,"featured_media":72,"parent":0,"menu_order":0,"comment_status":"closed","ping_status":"closed","template":"elementor_header_footer","meta":{"footnotes":""},"class_list":["post-68","page","type-page","status-publish","has-post-thumbnail","hentry"],"_links":{"self":[{"href":"https:\/\/workflow.farbweite.de\/3ddruckdirekt\/wp-json\/wp\/v2\/pages\/68","targetHints":{"allow":["GET"]}}],"collection":[{"href":"https:\/\/workflow.farbweite.de\/3ddruckdirekt\/wp-json\/wp\/v2\/pages"}],"about":[{"href":"https:\/\/workflow.farbweite.de\/3ddruckdirekt\/wp-json\/wp\/v2\/types\/page"}],"author":[{"embeddable":true,"href":"https:\/\/workflow.farbweite.de\/3ddruckdirekt\/wp-json\/wp\/v2\/users\/1"}],"replies":[{"embeddable":true,"href":"https:\/\/workflow.farbweite.de\/3ddruckdirekt\/wp-json\/wp\/v2\/comments?post=68"}],"version-history":[{"count":7,"href":"https:\/\/workflow.farbweite.de\/3ddruckdirekt\/wp-json\/wp\/v2\/pages\/68\/revisions"}],"predecessor-version":[{"id":197,"href":"https:\/\/workflow.farbweite.de\/3ddruckdirekt\/wp-json\/wp\/v2\/pages\/68\/revisions\/197"}],"wp:featuredmedia":[{"embeddable":true,"href":"https:\/\/workflow.farbweite.de\/3ddruckdirekt\/wp-json\/wp\/v2\/media\/72"}],"wp:attachment":[{"href":"https:\/\/workflow.farbweite.de\/3ddruckdirekt\/wp-json\/wp\/v2\/media?parent=68"}],"curies":[{"name":"wp","href":"https:\/\/api.w.org\/{rel}","templated":true}]}}